{"id":622,"date":"2024-06-24T07:46:18","date_gmt":"2024-06-24T07:46:18","guid":{"rendered":"https:\/\/cncnagykft.hu\/unsere-qualitatspolitik\/"},"modified":"2025-09-29T15:54:25","modified_gmt":"2025-09-29T15:54:25","slug":"unsere-qualitatspolitik","status":"publish","type":"page","link":"https:\/\/cncnagykft.hu\/de\/unsere-qualitatspolitik\/","title":{"rendered":"Unsere Qualit\u00e4tspolitik"},"content":{"rendered":"\t\t<div data-elementor-type=\"wp-page\" data-elementor-id=\"622\" class=\"elementor elementor-622\">\n\t\t\t\t\t\t<section class=\"elementor-section elementor-top-section elementor-element elementor-element-ec8ead4 elementor-section-stretched elementor-section-boxed elementor-section-height-default elementor-section-height-default\" data-id=\"ec8ead4\" data-element_type=\"section\" data-settings=\"{&quot;background_background&quot;:&quot;classic&quot;,&quot;stretch_section&quot;:&quot;section-stretched&quot;}\">\n\t\t\t\t\t\t<div class=\"elementor-container elementor-column-gap-default\">\n\t\t\t\t\t<div class=\"elementor-column elementor-col-100 elementor-top-column elementor-element elementor-element-25f8250\" data-id=\"25f8250\" data-element_type=\"column\">\n\t\t\t<div class=\"elementor-widget-wrap elementor-element-populated\">\n\t\t\t\t\t\t<section class=\"elementor-section elementor-inner-section elementor-element elementor-element-10b29bb elementor-section-boxed elementor-section-height-default elementor-section-height-default\" data-id=\"10b29bb\" data-element_type=\"section\">\n\t\t\t\t\t\t<div class=\"elementor-container elementor-column-gap-default\">\n\t\t\t\t\t<div class=\"elementor-column elementor-col-100 elementor-inner-column elementor-element elementor-element-97426a3\" data-id=\"97426a3\" data-element_type=\"column\">\n\t\t\t<div class=\"elementor-widget-wrap elementor-element-populated\">\n\t\t\t\t\t\t<div class=\"elementor-element elementor-element-8a981c1 elementor-invisible elementor-widget elementor-widget-heading\" data-id=\"8a981c1\" data-element_type=\"widget\" data-settings=\"{&quot;_animation&quot;:&quot;fadeInUp&quot;,&quot;_animation_delay&quot;:150}\" data-widget_type=\"heading.default\">\n\t\t\t\t<div class=\"elementor-widget-container\">\n\t\t\t<h2 class=\"elementor-heading-title elementor-size-default\">Unsere Qualit\u00e4tspolitik<\/h2>\t\t<\/div>\n\t\t\t\t<\/div>\n\t\t\t\t<div class=\"elementor-element elementor-element-e3024b2 elementor-widget__width-initial elementor-widget elementor-widget-text-editor\" data-id=\"e3024b2\" data-element_type=\"widget\" data-widget_type=\"text-editor.default\">\n\t\t\t\t<div class=\"elementor-widget-container\">\n\t\t\t\t\t\t\t<p><strong>Unser grundlegendes Ziel ist es, die Kundenanforderungen bestm\u00f6glich zu erf\u00fcllen, indem wir Produkte h\u00f6chster Qualit\u00e4t vertreiben, die den europ\u00e4ischen Normen entsprechen. Wir haben es uns zur Aufgabe gemacht, unseren Kunden Produkte in der gew\u00fcnschten Qualit\u00e4t und Menge anzubieten und unsere T\u00e4tigkeit mit Dienstleistungen zu erg\u00e4nzen, die die Arbeit unserer Kunden und Auftraggeber komfortabler und effizienter machen. Dieser Konzeption ordnen wir sowohl unsere Produktionsprozesse als auch unsere f\u00fcr die Kunden angebotenen Dienstleistungen unter.<\/strong><\/p><p>Wir betrachten das Engagement und die Fachkompetenz unserer Mitarbeiter f\u00fcr Qualit\u00e4tsarbeit als wesentliche Aspekte. Gleichzeitig streben wir danach, die M\u00f6glichkeit menschlicher Fehler in unserem Produktions- und Handelssystem auszuschlie\u00dfen,potenzielle Fehlerquellen zu beseitigen und das Auftreten m\u00f6glicher Fehler zu verhindern. Wir erwarten von allen Mitarbeitern eine qualitativ hochwertige, qualit\u00e4tsorientierte Arbeitsweise,die von der Unternehmensleitung durch die Bereitstellung der erforderlichen personellen und sachlichen Voraussetzungen sowie eines geeigneten Arbeitsumfelds nachdr\u00fccklich unterst\u00fctzt wird. Durch die Ausbildung unserer Mitarbeiter und die Umsetzung von Ideen zur Verbesserung unserer Systeme f\u00f6rdern wir unsere kontinuierliche Weiterentwicklung und verbessern damit auch die Qualit\u00e4t der von uns hergestellten Produkte. Unsere Mitarbeiter \u00fcbernehmen Verantwortung f\u00fcr die Qualit\u00e4t unserer Produkte und Dienstleistungen.<\/p><p>Zur Erreichung unserer Ziele haben wir ein Qualit\u00e4tsmanagementsystem nach EN ISO 9001:2015 eingef\u00fchrt und betreiben es. F\u00fcr einen effizienten Betrieb wenden wir einen prozessorientierten Ansatz in unserem Unternehmensmanagement an. Wir behandeln die miteinander verbundenen Prozesse als ein System. Unsere Entscheidungen treffen wir auf Grundlage einer gr\u00fcndlichen Analyse von Informationen und Daten, wodurch wir unseren Mitarbeitern die bestm\u00f6gliche Arbeitsumgebung gew\u00e4hrleisten. Wir lernen die Bed\u00fcrfnisse unserer Kunden und Partner kennen und analysieren sie, um unsere Dienstleistungen an diese Anforderungen anzupassen. Mit unseren Lieferanten pflegen wir eine verantwortungsvolle Beziehung, da wir wissen, dass die Qualit\u00e4t unserer Produkte auch von der Qualit\u00e4t der von ihnen gelieferten Produkte abh\u00e4ngt.<\/p><p>Wir hoffen, Sie bald zu unseren zufriedenen Kunden z\u00e4hlen zu d\u00fcrfen.<\/p>\t\t\t\t\t\t<\/div>\n\t\t\t\t<\/div>\n\t\t\t\t\t<\/div>\n\t\t<\/div>\n\t\t\t\t\t<\/div>\n\t\t<\/section>\n\t\t\t\t\t<\/div>\n\t\t<\/div>\n\t\t\t\t\t<\/div>\n\t\t<\/section>\n\t\t\t\t<\/div>\n\t\t","protected":false},"excerpt":{"rendered":"<p>Unsere Qualit\u00e4tspolitik Unser grundlegendes Ziel ist es, die Kundenanforderungen bestm\u00f6glich zu erf\u00fcllen, indem wir Produkte h\u00f6chster Qualit\u00e4t vertreiben, die den europ\u00e4ischen Normen entsprechen. Wir haben es uns zur Aufgabe gemacht, unseren Kunden Produkte in der gew\u00fcnschten Qualit\u00e4t und Menge anzubieten und unsere T\u00e4tigkeit mit Dienstleistungen zu erg\u00e4nzen, die die Arbeit unserer Kunden und Auftraggeber komfortabler [&hellip;]<\/p>\n","protected":false},"author":1,"featured_media":0,"parent":0,"menu_order":0,"comment_status":"closed","ping_status":"closed","template":"","meta":{"footnotes":""},"class_list":["post-622","page","type-page","status-publish","hentry"],"yoast_head":"<!-- This site is optimized with the Yoast SEO plugin v24.9 - https:\/\/yoast.com\/wordpress\/plugins\/seo\/ -->\n<title>Unsere Qualit\u00e4tspolitik - CNC-Nagy Kft.<\/title>\n<meta name=\"robots\" content=\"index, follow, max-snippet:-1, max-image-preview:large, max-video-preview:-1\" \/>\n<link rel=\"canonical\" href=\"https:\/\/cncnagykft.hu\/de\/unsere-qualitatspolitik\/\" \/>\n<meta property=\"og:locale\" content=\"de_DE\" \/>\n<meta property=\"og:type\" content=\"article\" \/>\n<meta property=\"og:title\" content=\"Unsere Qualit\u00e4tspolitik - CNC-Nagy Kft.\" \/>\n<meta property=\"og:description\" content=\"Unsere Qualit\u00e4tspolitik Unser grundlegendes Ziel ist es, die Kundenanforderungen bestm\u00f6glich zu erf\u00fcllen, indem wir Produkte h\u00f6chster Qualit\u00e4t vertreiben, die den europ\u00e4ischen Normen entsprechen. Wir haben es uns zur Aufgabe gemacht, unseren Kunden Produkte in der gew\u00fcnschten Qualit\u00e4t und Menge anzubieten und unsere T\u00e4tigkeit mit Dienstleistungen zu erg\u00e4nzen, die die Arbeit unserer Kunden und Auftraggeber komfortabler [&hellip;]\" \/>\n<meta property=\"og:url\" content=\"https:\/\/cncnagykft.hu\/de\/unsere-qualitatspolitik\/\" \/>\n<meta property=\"og:site_name\" content=\"CNC-Nagy Kft.\" \/>\n<meta property=\"article:modified_time\" content=\"2025-09-29T15:54:25+00:00\" \/>\n<meta name=\"twitter:card\" content=\"summary_large_image\" \/>\n<meta name=\"twitter:label1\" content=\"Gesch\u00e4tzte Lesezeit\" \/>\n\t<meta name=\"twitter:data1\" content=\"2\u00a0Minuten\" \/>\n<script type=\"application\/ld+json\" class=\"yoast-schema-graph\">{\"@context\":\"https:\/\/schema.org\",\"@graph\":[{\"@type\":\"WebPage\",\"@id\":\"https:\/\/cncnagykft.hu\/de\/unsere-qualitatspolitik\/\",\"url\":\"https:\/\/cncnagykft.hu\/de\/unsere-qualitatspolitik\/\",\"name\":\"Unsere Qualit\u00e4tspolitik - CNC-Nagy Kft.\",\"isPartOf\":{\"@id\":\"https:\/\/cncnagykft.hu\/#website\"},\"datePublished\":\"2024-06-24T07:46:18+00:00\",\"dateModified\":\"2025-09-29T15:54:25+00:00\",\"breadcrumb\":{\"@id\":\"https:\/\/cncnagykft.hu\/de\/unsere-qualitatspolitik\/#breadcrumb\"},\"inLanguage\":\"de\",\"potentialAction\":[{\"@type\":\"ReadAction\",\"target\":[\"https:\/\/cncnagykft.hu\/de\/unsere-qualitatspolitik\/\"]}]},{\"@type\":\"BreadcrumbList\",\"@id\":\"https:\/\/cncnagykft.hu\/de\/unsere-qualitatspolitik\/#breadcrumb\",\"itemListElement\":[{\"@type\":\"ListItem\",\"position\":1,\"name\":\"Kezd\u0151lap\",\"item\":\"https:\/\/cncnagykft.hu\/\"},{\"@type\":\"ListItem\",\"position\":2,\"name\":\"Unsere Qualit\u00e4tspolitik\"}]},{\"@type\":\"WebSite\",\"@id\":\"https:\/\/cncnagykft.hu\/#website\",\"url\":\"https:\/\/cncnagykft.hu\/\",\"name\":\"CNC-Nagy Kft.\",\"description\":\"CNC megmunk\u00e1l\u00e1s &amp;\u00a0eszterg\u00e1l\u00e1s\",\"potentialAction\":[{\"@type\":\"SearchAction\",\"target\":{\"@type\":\"EntryPoint\",\"urlTemplate\":\"https:\/\/cncnagykft.hu\/?s={search_term_string}\"},\"query-input\":{\"@type\":\"PropertyValueSpecification\",\"valueRequired\":true,\"valueName\":\"search_term_string\"}}],\"inLanguage\":\"de\"}]}<\/script>\n<!-- \/ Yoast SEO plugin. -->","yoast_head_json":{"title":"Unsere Qualit\u00e4tspolitik - CNC-Nagy Kft.","robots":{"index":"index","follow":"follow","max-snippet":"max-snippet:-1","max-image-preview":"max-image-preview:large","max-video-preview":"max-video-preview:-1"},"canonical":"https:\/\/cncnagykft.hu\/de\/unsere-qualitatspolitik\/","og_locale":"de_DE","og_type":"article","og_title":"Unsere Qualit\u00e4tspolitik - CNC-Nagy Kft.","og_description":"Unsere Qualit\u00e4tspolitik Unser grundlegendes Ziel ist es, die Kundenanforderungen bestm\u00f6glich zu erf\u00fcllen, indem wir Produkte h\u00f6chster Qualit\u00e4t vertreiben, die den europ\u00e4ischen Normen entsprechen. Wir haben es uns zur Aufgabe gemacht, unseren Kunden Produkte in der gew\u00fcnschten Qualit\u00e4t und Menge anzubieten und unsere T\u00e4tigkeit mit Dienstleistungen zu erg\u00e4nzen, die die Arbeit unserer Kunden und Auftraggeber komfortabler [&hellip;]","og_url":"https:\/\/cncnagykft.hu\/de\/unsere-qualitatspolitik\/","og_site_name":"CNC-Nagy Kft.","article_modified_time":"2025-09-29T15:54:25+00:00","twitter_card":"summary_large_image","twitter_misc":{"Gesch\u00e4tzte Lesezeit":"2\u00a0Minuten"},"schema":{"@context":"https:\/\/schema.org","@graph":[{"@type":"WebPage","@id":"https:\/\/cncnagykft.hu\/de\/unsere-qualitatspolitik\/","url":"https:\/\/cncnagykft.hu\/de\/unsere-qualitatspolitik\/","name":"Unsere Qualit\u00e4tspolitik - CNC-Nagy Kft.","isPartOf":{"@id":"https:\/\/cncnagykft.hu\/#website"},"datePublished":"2024-06-24T07:46:18+00:00","dateModified":"2025-09-29T15:54:25+00:00","breadcrumb":{"@id":"https:\/\/cncnagykft.hu\/de\/unsere-qualitatspolitik\/#breadcrumb"},"inLanguage":"de","potentialAction":[{"@type":"ReadAction","target":["https:\/\/cncnagykft.hu\/de\/unsere-qualitatspolitik\/"]}]},{"@type":"BreadcrumbList","@id":"https:\/\/cncnagykft.hu\/de\/unsere-qualitatspolitik\/#breadcrumb","itemListElement":[{"@type":"ListItem","position":1,"name":"Kezd\u0151lap","item":"https:\/\/cncnagykft.hu\/"},{"@type":"ListItem","position":2,"name":"Unsere Qualit\u00e4tspolitik"}]},{"@type":"WebSite","@id":"https:\/\/cncnagykft.hu\/#website","url":"https:\/\/cncnagykft.hu\/","name":"CNC-Nagy Kft.","description":"CNC megmunk\u00e1l\u00e1s &amp;\u00a0eszterg\u00e1l\u00e1s","potentialAction":[{"@type":"SearchAction","target":{"@type":"EntryPoint","urlTemplate":"https:\/\/cncnagykft.hu\/?s={search_term_string}"},"query-input":{"@type":"PropertyValueSpecification","valueRequired":true,"valueName":"search_term_string"}}],"inLanguage":"de"}]}},"_links":{"self":[{"href":"https:\/\/cncnagykft.hu\/de\/wp-json\/wp\/v2\/pages\/622","targetHints":{"allow":["GET"]}}],"collection":[{"href":"https:\/\/cncnagykft.hu\/de\/wp-json\/wp\/v2\/pages"}],"about":[{"href":"https:\/\/cncnagykft.hu\/de\/wp-json\/wp\/v2\/types\/page"}],"author":[{"embeddable":true,"href":"https:\/\/cncnagykft.hu\/de\/wp-json\/wp\/v2\/users\/1"}],"replies":[{"embeddable":true,"href":"https:\/\/cncnagykft.hu\/de\/wp-json\/wp\/v2\/comments?post=622"}],"version-history":[{"count":6,"href":"https:\/\/cncnagykft.hu\/de\/wp-json\/wp\/v2\/pages\/622\/revisions"}],"predecessor-version":[{"id":628,"href":"https:\/\/cncnagykft.hu\/de\/wp-json\/wp\/v2\/pages\/622\/revisions\/628"}],"wp:attachment":[{"href":"https:\/\/cncnagykft.hu\/de\/wp-json\/wp\/v2\/media?parent=622"}],"curies":[{"name":"wp","href":"https:\/\/api.w.org\/{rel}","templated":true}]}}